{"id":1078,"date":"2022-08-18T06:32:35","date_gmt":"2022-08-18T06:32:35","guid":{"rendered":"https:\/\/salutt.ca\/privacy-policy\/"},"modified":"2024-09-04T08:43:55","modified_gmt":"2024-09-04T08:43:55","slug":"privacy-policy","status":"publish","type":"page","link":"https:\/\/salutt.ca\/fr\/privacy-policy\/","title":{"rendered":"Privacy Policy"},"content":{"rendered":"\t\t<div data-elementor-type=\"wp-page\" data-elementor-id=\"1078\" class=\"elementor elementor-1078 elementor-14\" data-elementor-post-type=\"page\">\n\t\t\t\t<div class=\"elementor-element elementor-element-730e977 e-flex e-con-boxed e-con e-parent\" data-id=\"730e977\" data-element_type=\"container\">\n\t\t\t\t\t<div class=\"e-con-inner\">\n\t\t<div class=\"elementor-element elementor-element-17ddc55 about-img-box e-con-full e-flex e-con e-child\" data-id=\"17ddc55\" data-element_type=\"container\">\n\t\t\t\t<div class=\"elementor-element elementor-element-52f28e6 elementor-widget elementor-widget-image\" data-id=\"52f28e6\" data-element_type=\"widget\" data-settings=\"{&quot;sticky_parent&quot;:&quot;yes&quot;,&quot;sticky&quot;:&quot;top&quot;,&quot;sticky_on&quot;:[&quot;desktop&quot;,&quot;laptop&quot;,&quot;tablet&quot;,&quot;mobile&quot;],&quot;sticky_offset&quot;:0,&quot;sticky_effects_offset&quot;:0}\" data-widget_type=\"image.default\">\n\t\t\t\t<div class=\"elementor-widget-container\">\n\t\t\t\t\t\t\t\t\t\t\t\t\t<img fetchpriority=\"high\" decoding=\"async\" width=\"663\" height=\"684\" src=\"https:\/\/salutt.ca\/wp-content\/uploads\/2024\/03\/privacy-policy-salutt-fr.png\" class=\"attachment-full size-full wp-image-1138\" alt=\"privacy policy salutt fr\" srcset=\"https:\/\/salutt.ca\/wp-content\/uploads\/2024\/03\/privacy-policy-salutt-fr.png 663w, https:\/\/salutt.ca\/wp-content\/uploads\/2024\/03\/privacy-policy-salutt-fr-291x300.png 291w\" sizes=\"(max-width: 663px) 100vw, 663px\" \/>\t\t\t\t\t\t\t\t\t\t\t\t\t<\/div>\n\t\t\t\t<\/div>\n\t\t\t\t<\/div>\n\t\t<div class=\"elementor-element elementor-element-01d1e08 content-box e-con-full e-flex e-con e-child\" data-id=\"01d1e08\" data-element_type=\"container\">\n\t\t\t\t<div class=\"elementor-element elementor-element-e267c16 elementor-drop-cap-yes elementor-widget__width-initial elementor-drop-cap-view-default elementor-widget elementor-widget-text-editor\" data-id=\"e267c16\" data-element_type=\"widget\" data-settings=\"{&quot;drop_cap&quot;:&quot;yes&quot;}\" data-widget_type=\"text-editor.default\">\n\t\t\t\t<div class=\"elementor-widget-container\">\n\t\t\t\t\t\t\t<p><b>Derni\u00e8re r\u00e9vision : <\/b>09 novembre 2023<\/p><p>La pr\u00e9sente politique vise \u00e0 vous informer des pratiques adopt\u00e9es par Salutt Inc. pour assurer la confidentialit\u00e9 de vos renseignements personnels.<\/p><ol><li><b> Collecte des renseignements personnels <\/b><\/li><\/ol><p>Salutt Inc. collecte elle-m\u00eame des renseignements personnels afin de vous fournir des services de qualit\u00e9.<\/p><p>Plusieurs outils permettent de mesurer l\u2019audience Web, d\u2019analyser les visites sur un site Web et d\u2019assurer le bon fonctionnement des services offerts par Salutt Inc.. \u00c0 l\u2019aide de fichiers t\u00e9moins (<i>cookies<\/i>), les entreprises suivantes peuvent recueillir des renseignements sur votre navigation sur les sites Web de Salutt Inc. :<\/p><p style=\"padding-left: 40px;\"><b>Google Analytics <\/b><\/p><p style=\"padding-left: 40px;\">Google Analytics est un service d\u2019analyse Web qui fournit des statistiques et des outils analytiques de base. Ces donn\u00e9es aident \u00e0 l&#8217;optimisation des moteurs de recherche.<\/p><p style=\"padding-left: 40px;\">Les renseignements sont conserv\u00e9s notamment aux \u00c9tats-Unis. Google peut les communiquer \u00e0 des tiers, en cas d\u2019obligation l\u00e9gale, ou lors de leur traitement pour leur compte. Les renseignements sont aussi partag\u00e9s sur le compte Google Search Console de Salutt Inc..<\/p><p style=\"padding-left: 40px;\">Les t\u00e9moins de Google sont aussi utilis\u00e9s pour recueillir des renseignements d\u00e9mographiques et de l\u2019information sur les centres d\u2019int\u00e9r\u00eat des internautes. Ces informations ne peuvent \u00eatre associ\u00e9es \u00e0 une personne. Google ne mettra jamais en relation les renseignements collect\u00e9s avec une autre donn\u00e9e ou tout autre renseignement qu\u2019il conserve.<\/p><p style=\"padding-left: 40px;\">Pour avoir plus d\u2019informations sur les renseignements recueillis par Google et l\u2019usage qu\u2019il en est fait, consultez sa <span style=\"text-decoration: underline;\"><a href=\"https:\/\/policies.google.com\/privacy?hl=fr-CA\">Politique de confidentialit\u00e9 et ses conditions d\u2019utilisation.<\/a><\/span><\/p><p style=\"padding-left: 40px;\">[\u00c0 COMPL\u00c9TER SI APPLICABLE]<\/p><ol start=\"2\"><li><b> Description des renseignements personnels recueillis <\/b><\/li><\/ol><p>Dans le cadre de ses activit\u00e9s, Salutt Inc. peut recueillir les renseignements personnels suivants :<\/p><ul><li>renseignements d\u2019identification (ex. : photo de profil, adresse postale et \u00e9lectronique, num\u00e9ro de t\u00e9l\u00e9phone, date de naissance, \u00e9tat civil, num\u00e9ro de permis de conduire);<\/li><\/ul><ul><li>renseignements pour confirmer votre identit\u00e9 (ex. : identifiant, mot de passe);<\/li><li>renseignements financiers (ex. : renseignements bancaires);<\/li><li>renseignements sur les interactions num\u00e9riques (ex. : site Web, application, service de clavardage, messagerie texte, site de m\u00e9dias sociaux);<\/li><\/ul><ul><li>renseignements sur les appareils (ex. : adresse IP, r\u00e9seau priv\u00e9 virtuel, serveur mandataire, type d\u2019appareil et syst\u00e8me d\u2019exploitation);<\/li><\/ul><ul><li>renseignements sur votre emplacement approximatif qui sont g\u00e9n\u00e9r\u00e9s \u00e0 l\u2019aide de votre adresse IP lorsque vous visitez les sites Web de Salutt Inc.;<\/li><li><p>renseignements sur vos pr\u00e9f\u00e9rences et habitudes de navigation, comme les pages que vous consultez et utilisez.<\/p><\/li><\/ul><ol start=\"3\"><li><b> Fins auxquelles les renseignements personnels sont recueillis <\/b><\/li><\/ol><p>Vos renseignements personnels sont utilis\u00e9s notamment pour les fins suivantes :<\/p><ul><li>donner acc\u00e8s \u00e0 des services et \u00e0 des ressources en ligne<\/li><li>produire des statistiques afin d\u2019am\u00e9liorer l\u2019exp\u00e9rience utilisateur<\/li><li>[\u00c0 COMPL\u00c9TER]<\/li><\/ul><ol start=\"4\"><li><b> Cat\u00e9gories de personnes qui ont acc\u00e8s aux renseignements personnels <\/b><\/li><\/ol><p>Salutt Inc. veille \u00e0 ce que seuls les membres du personnel autoris\u00e9s aient acc\u00e8s aux renseignements personnels. Ces derniers peuvent acc\u00e9der uniquement aux renseignements personnels requis pour donner leur prestation de travail et seulement si l\u2019acc\u00e8s et l\u2019utilisation sont autoris\u00e9s par Salutt Inc. et la loi. Selon le cas, les cat\u00e9gories de personnes suivantes peuvent avoir acc\u00e8s \u00e0 certains de vos renseignements personnels :<\/p><ul><li>membres du personnel du service \u00e0 la client\u00e8le.<\/li><\/ul><ol start=\"5\"><li><b> Moyens par lesquels les renseignements personnels sont recueillis <\/b><\/li><\/ol><p>Les renseignements personnels sont recueillis par les moyens suivants :<\/p><ul><li>T\u00e9moins de navigation et mesure d\u2019audience<\/li><\/ul><p>Salutt Inc. recueille des renseignements personnels \u00e0 l\u2019aide de fichiers t\u00e9moins, ceci pour des fins de mesure d\u2019audience et de compilation de statistiques.<\/p><ol start=\"6\"><li><b> Description des mesures pouvant \u00eatre prises afin de refuser la collecte des renseignements <\/b><\/li><\/ol><p><b>personnels et cons\u00e9quences possibles <\/b><\/p><p>Il est possible de configurer votre navigateur pour bloquer les t\u00e9moins, mais cela pourrait affecter votre exp\u00e9rience de navigation.<\/p><p>Pour g\u00e9rer les fichiers t\u00e9moins de mani\u00e8re g\u00e9n\u00e9rale dans un navigateur particulier, consultez les pages suivantes :<\/p><ul><li><span style=\"text-decoration: underline;\"><a href=\"https:\/\/support.apple.com\/fr-fr\/guide\/safari\/sfri11471\/mac\">G\u00e9rer les cookies et les donn\u00e9es de sites Web dans Safari sur Mac<\/a><\/span><\/li><li><span style=\"text-decoration: underline;\"><a href=\"https:\/\/support.google.com\/accounts\/answer\/61416?hl=fr\">Activer ou d\u00e9sactiver les cookies dans Chrome<\/a><\/span><\/li><li><a href=\"https:\/\/support.mozilla.org\/fr\/kb\/protection-renforcee-contre-pistage-firefox-ordinateur?redirectslug=activer-desactiver-cookies-preferences&amp;redirectlocale=fr\"><span style=\"text-decoration: underline;\">Autoriser et bloquer les cookies dans Firefox<\/span><\/a><\/li><li><a href=\"https:\/\/help.opera.com\/en\/latest\/web-preferences\/#cookies\"><span style=\"text-decoration: underline;\">Comment effacer le cache\/l&#8217;historique\/les cookies du navigateur dans Opera<\/span><\/a> (en anglais seulement)<\/li><\/ul><p>Il est possible de \u00e9galement g\u00e9rer de mani\u00e8re g\u00e9n\u00e9rale l\u2019enregistrement des fichiers t\u00e9moins en modifiant les param\u00e8tres de votre t\u00e9l\u00e9phone intelligent :<\/p><ul><li><a href=\"https:\/\/support.apple.com\/fr-fr\/105082\"><span style=\"text-decoration: underline;\">Effacer l\u2019historique et les cookies enregistr\u00e9s dans Safari sur votre iPhone, iPad ou iPod touch<\/span><\/a><\/li><li><a href=\"https:\/\/support.google.com\/chrome\/?visit_id=638451522574890982-2203025299&amp;rd=2#topic=7438325\"><span style=\"text-decoration: underline;\">Supprimer votre historique et votre activit\u00e9 sur Android<\/span><\/a><\/li><\/ul><p>Google Analytics : Vous pouvez emp\u00eacher Google d\u2019enregistrer les renseignements relatifs \u00e0 votre navigation en installant, sur votre ordinateur, le module compl\u00e9mentaire de navigateur pour la d\u00e9sactivation de Google Analytics.<\/p><p>Microsoft Clarity : Vous pouvez d\u00e9sactiver la t\u00e9l\u00e9m\u00e9trie Microsoft Clarity en s\u00e9lectionnant Microsoft dans la liste des options ou vous pouvez installer sur votre navigateur une application permettant de s\u00e9lectionner vos pr\u00e9f\u00e9rences de d\u00e9sactivation.<\/p><ol start=\"7\"><li><b> Droits d\u2019acc\u00e8s et de rectification, coordonn\u00e9es de la personne responsable de la protection <\/b><b>des renseignements personnels<\/b><\/li><\/ol><p>Salutt Inc. vous invite \u00e0 contacter le responsable de la protection des renseignements personnels, Karl Alex Bissainthe, \u00e0 l\u2019adresse courriel [ins\u00e9rer adresse courriel] pour savoir comment formuler une\u00a0 demande d\u2019acc\u00e8s \u00e0 vos renseignements personnels ou une demande de rectification de ces renseignements.<\/p><ol start=\"8\"><li><b> Cat\u00e9gories de tiers auxquels il est n\u00e9cessaire de communiquer des renseignements <\/b><b>personnels<\/b><\/li><\/ol><p>Dans le cadre de ses activit\u00e9s, Salutt Inc. doit parfois confier vos renseignements personnels \u00e0 des tiers qu\u2019elle mandate pour ex\u00e9cuter certaines t\u00e2ches ou fonctions en son nom. Il se peut donc que, conform\u00e9ment \u00e0 la loi, elle communique vos renseignements personnels \u00e0 des tiers sans votre consentement, par exemple :<\/p><ul><li>\u00e0 des fournisseurs de services qui traitent ces renseignements personnels pour son compte, notamment en mati\u00e8re d\u2019h\u00e9bergement de donn\u00e9es;<\/li><\/ul><ul><li>\u00e0 des fournisseurs de services de paiement;<\/li><li>\u00e0 des fournisseurs de services de recouvrement;<\/li><li>\u00e0 ses conseillers juridiques externes;<\/li><li>aux autorit\u00e9s r\u00e9glementaires, minist\u00e8res et organismes gouvernementaux qui le demandent en vertu de pouvoirs qui leur sont accord\u00e9s par la loi ou lorsque ces renseignements sont n\u00e9cessaires \u00e0 l\u2019application d\u2019une loi;<\/li><\/ul><ul><li>aux services policiers si ces renseignements sont n\u00e9cessaires \u00e0 une enqu\u00eate qu\u2019ils m\u00e8nent ou si ces renseignements sont vis\u00e9s par un mandat de perquisition ou une ordonnance de communication;<\/li><\/ul><ul><li>\u00e0 un tribunal qui l\u2019ordonne<\/li><\/ul><ol start=\"9\"><li><b> Possibilit\u00e9 que les renseignements personnels soient communiqu\u00e9s \u00e0 l\u2019ext\u00e9rieur du Qu\u00e9bec <\/b><\/li><\/ol><p>Dans le cadre de ses activit\u00e9s, il se peut que Salutt Inc. ait \u00e0 communiquer vos renseignements personnels \u00e0 l\u2019ext\u00e9rieur du Qu\u00e9bec sans votre consentement. <span style=\"text-decoration: underline;\">Conform\u00e9ment \u00e0 la loi, la communication de renseignements personnels \u00e0 l\u2019ext\u00e9rieur du Qu\u00e9bec est faite suite \u00e0 la r\u00e9alisation d\u2019une \u00e9valuation des facteurs relatifs \u00e0 la vie priv\u00e9e (EFVP).<\/span><\/p><p><b>10.Br\u00e8ve description des mesures prises pour assurer la confidentialit\u00e9 et la s\u00e9curit\u00e9 des <\/b><b>renseignements personnels<\/b><\/p><p>Selon le cas, les mesures suivantes sont prises pour assurer la confidentialit\u00e9 d\u2019un fichier manuel ou m\u00e9canique :<\/p><ul><li>contr\u00f4le des entr\u00e9es \/ sorties de personne;<\/li><li>contr\u00f4le physique des locaux et installations;<\/li><li>contr\u00f4le \u00e0 l\u2019utilisation du document;<\/li><li>contr\u00f4le des proc\u00e9dures;<\/li><li>destruction confidentielle;<\/li><li>signature d\u2019une entente de confidentialit\u00e9;<\/li><li>v\u00e9rification de l\u2019int\u00e9grit\u00e9 du personnel.<\/li><\/ul><p>Selon le cas, les mesures suivantes sont prises pour assurer la confidentialit\u00e9 d\u2019un fichier informatique :<\/p><ul><li>contr\u00f4le pr\u00e9ventif de l\u2019acc\u00e8s au fichier;<\/li><li>journaux de v\u00e9rification des donn\u00e9es;<\/li><li>r\u00e8gles et pratiques de v\u00e9rifications des logiciels;<\/li><li>mesures li\u00e9es aux outils informatiques;<\/li><li>r\u00e8gles et pratiques de v\u00e9rification du fichier;<\/li><li>destruction confidentielle;<\/li><li>signature d\u2019une entente de confidentialit\u00e9;<\/li><li>v\u00e9rification de l\u2019int\u00e9grit\u00e9 du personnel.<\/li><\/ul><p><b>11.Coordonn\u00e9es de la personne \u00e0 qui toute question relative \u00e0 la politique de confidentialit\u00e9 <\/b><b>peut \u00eatre soumise<\/b><\/p><p>En cas de question relative \u00e0 la pr\u00e9sente politique, vous pouvez communiquer avec la personne responsable de la protection des renseignements personnels : Karl Alex Bissainthe, \u00e0 info@salutt.ca.<\/p><p><b>12.Plaintes relatives \u00e0 la protection des renseignements personnels <\/b><\/p><p>Si vous souhaitez d\u00e9poser une plainte relative \u00e0 la protection des renseignements, vous pouvez communiquer avec la personne responsable de la protection des renseignements personnels : Karl Alex Bissainthe, \u00e0 info@salutt.ca.<\/p><p><b>13.Date de son entr\u00e9e en vigueur et la date de sa plus r\u00e9cente mise \u00e0 jour, le cas \u00e9ch\u00e9ant <\/b><\/p><p>La pr\u00e9sente politique de confidentialit\u00e9 entre en vigueur le info@salutt.ca<\/p>\t\t\t\t\t\t<\/div>\n\t\t\t\t<\/div>\n\t\t\t\t<\/div>\n\t\t\t\t\t<\/div>\n\t\t\t\t<\/div>\n\t\t\t\t<\/div>\n\t\t","protected":false},"excerpt":{"rendered":"<p>Derni\u00e8re r\u00e9vision : 09 novembre 2023 La pr\u00e9sente politique vise \u00e0 vous informer des pratiques adopt\u00e9es par Salutt Inc. pour assurer la confidentialit\u00e9 de vos renseignements personnels. Collecte des renseignements personnels Salutt Inc. collecte elle-m\u00eame des renseignements personnels afin de vous fournir des services de qualit\u00e9. Plusieurs outils permettent de mesurer l\u2019audience Web, d\u2019analyser les [&hellip;]<\/p>\n","protected":false},"author":1,"featured_media":0,"parent":0,"menu_order":0,"comment_status":"closed","ping_status":"closed","template":"elementor_header_footer","meta":{"inline_featured_image":false,"footnotes":""},"class_list":["post-1078","page","type-page","status-publish","hentry","entry"],"yoast_head":"<!-- This site is optimized with the Yoast SEO plugin v23.9 - https:\/\/yoast.com\/wordpress\/plugins\/seo\/ -->\n<title>Privacy Policy - Salutt<\/title>\n<meta name=\"robots\" content=\"index, follow, max-snippet:-1, max-image-preview:large, max-video-preview:-1\" \/>\n<link rel=\"canonical\" href=\"https:\/\/salutt.ca\/fr\/privacy-policy\/\" \/>\n<meta property=\"og:locale\" content=\"fr_FR\" \/>\n<meta property=\"og:type\" content=\"article\" \/>\n<meta property=\"og:title\" content=\"Privacy Policy - Salutt\" \/>\n<meta property=\"og:description\" content=\"Derni\u00e8re r\u00e9vision : 09 novembre 2023 La pr\u00e9sente politique vise \u00e0 vous informer des pratiques adopt\u00e9es par Salutt Inc. pour assurer la confidentialit\u00e9 de vos renseignements personnels. Collecte des renseignements personnels Salutt Inc. collecte elle-m\u00eame des renseignements personnels afin de vous fournir des services de qualit\u00e9. Plusieurs outils permettent de mesurer l\u2019audience Web, d\u2019analyser les [&hellip;]\" \/>\n<meta property=\"og:url\" content=\"https:\/\/salutt.ca\/fr\/privacy-policy\/\" \/>\n<meta property=\"og:site_name\" content=\"Salutt\" \/>\n<meta property=\"article:modified_time\" content=\"2024-09-04T08:43:55+00:00\" \/>\n<meta property=\"og:image\" content=\"https:\/\/salutt.ca\/wp-content\/uploads\/2024\/03\/privacy-policy-salutt-fr.png\" \/>\n<meta name=\"twitter:card\" content=\"summary_large_image\" \/>\n<meta name=\"twitter:label1\" content=\"Dur\u00e9e de lecture estim\u00e9e\" \/>\n\t<meta name=\"twitter:data1\" content=\"7 minutes\" \/>\n<script type=\"application\/ld+json\" class=\"yoast-schema-graph\">{\"@context\":\"https:\/\/schema.org\",\"@graph\":[{\"@type\":\"WebPage\",\"@id\":\"https:\/\/salutt.ca\/fr\/privacy-policy\/\",\"url\":\"https:\/\/salutt.ca\/fr\/privacy-policy\/\",\"name\":\"Privacy Policy - Salutt\",\"isPartOf\":{\"@id\":\"https:\/\/salutt.ca\/#website\"},\"primaryImageOfPage\":{\"@id\":\"https:\/\/salutt.ca\/fr\/privacy-policy\/#primaryimage\"},\"image\":{\"@id\":\"https:\/\/salutt.ca\/fr\/privacy-policy\/#primaryimage\"},\"thumbnailUrl\":\"https:\/\/salutt.ca\/wp-content\/uploads\/2024\/03\/privacy-policy-salutt-fr.png\",\"datePublished\":\"2022-08-18T06:32:35+00:00\",\"dateModified\":\"2024-09-04T08:43:55+00:00\",\"breadcrumb\":{\"@id\":\"https:\/\/salutt.ca\/fr\/privacy-policy\/#breadcrumb\"},\"inLanguage\":\"fr-FR\",\"potentialAction\":[{\"@type\":\"ReadAction\",\"target\":[\"https:\/\/salutt.ca\/fr\/privacy-policy\/\"]}]},{\"@type\":\"ImageObject\",\"inLanguage\":\"fr-FR\",\"@id\":\"https:\/\/salutt.ca\/fr\/privacy-policy\/#primaryimage\",\"url\":\"https:\/\/salutt.ca\/wp-content\/uploads\/2024\/03\/privacy-policy-salutt-fr.png\",\"contentUrl\":\"https:\/\/salutt.ca\/wp-content\/uploads\/2024\/03\/privacy-policy-salutt-fr.png\"},{\"@type\":\"BreadcrumbList\",\"@id\":\"https:\/\/salutt.ca\/fr\/privacy-policy\/#breadcrumb\",\"itemListElement\":[{\"@type\":\"ListItem\",\"position\":1,\"name\":\"Home\",\"item\":\"https:\/\/salutt.ca\/fr\/\"},{\"@type\":\"ListItem\",\"position\":2,\"name\":\"Privacy Policy\"}]},{\"@type\":\"WebSite\",\"@id\":\"https:\/\/salutt.ca\/#website\",\"url\":\"https:\/\/salutt.ca\/\",\"name\":\"Salutt\",\"description\":\"Salutt\",\"publisher\":{\"@id\":\"https:\/\/salutt.ca\/#organization\"},\"potentialAction\":[{\"@type\":\"SearchAction\",\"target\":{\"@type\":\"EntryPoint\",\"urlTemplate\":\"https:\/\/salutt.ca\/?s={search_term_string}\"},\"query-input\":{\"@type\":\"PropertyValueSpecification\",\"valueRequired\":true,\"valueName\":\"search_term_string\"}}],\"inLanguage\":\"fr-FR\"},{\"@type\":\"Organization\",\"@id\":\"https:\/\/salutt.ca\/#organization\",\"name\":\"Salutt\",\"url\":\"https:\/\/salutt.ca\/\",\"logo\":{\"@type\":\"ImageObject\",\"inLanguage\":\"fr-FR\",\"@id\":\"https:\/\/salutt.ca\/#\/schema\/logo\/image\/\",\"url\":\"https:\/\/salutt.ca\/wp-content\/uploads\/2024\/09\/salutt-1.png\",\"contentUrl\":\"https:\/\/salutt.ca\/wp-content\/uploads\/2024\/09\/salutt-1.png\",\"width\":267,\"height\":90,\"caption\":\"Salutt\"},\"image\":{\"@id\":\"https:\/\/salutt.ca\/#\/schema\/logo\/image\/\"},\"sameAs\":[\"https:\/\/www.salutt.app8.com\/yoast\",\"https:\/\/www.linkedin.com\/in\/salutt.com\/yoast\"]}]}<\/script>\n<!-- \/ Yoast SEO plugin. -->","yoast_head_json":{"title":"Privacy Policy - Salutt","robots":{"index":"index","follow":"follow","max-snippet":"max-snippet:-1","max-image-preview":"max-image-preview:large","max-video-preview":"max-video-preview:-1"},"canonical":"https:\/\/salutt.ca\/fr\/privacy-policy\/","og_locale":"fr_FR","og_type":"article","og_title":"Privacy Policy - Salutt","og_description":"Derni\u00e8re r\u00e9vision : 09 novembre 2023 La pr\u00e9sente politique vise \u00e0 vous informer des pratiques adopt\u00e9es par Salutt Inc. pour assurer la confidentialit\u00e9 de vos renseignements personnels. Collecte des renseignements personnels Salutt Inc. collecte elle-m\u00eame des renseignements personnels afin de vous fournir des services de qualit\u00e9. Plusieurs outils permettent de mesurer l\u2019audience Web, d\u2019analyser les [&hellip;]","og_url":"https:\/\/salutt.ca\/fr\/privacy-policy\/","og_site_name":"Salutt","article_modified_time":"2024-09-04T08:43:55+00:00","og_image":[{"url":"https:\/\/salutt.ca\/wp-content\/uploads\/2024\/03\/privacy-policy-salutt-fr.png"}],"twitter_card":"summary_large_image","twitter_misc":{"Dur\u00e9e de lecture estim\u00e9e":"7 minutes"},"schema":{"@context":"https:\/\/schema.org","@graph":[{"@type":"WebPage","@id":"https:\/\/salutt.ca\/fr\/privacy-policy\/","url":"https:\/\/salutt.ca\/fr\/privacy-policy\/","name":"Privacy Policy - Salutt","isPartOf":{"@id":"https:\/\/salutt.ca\/#website"},"primaryImageOfPage":{"@id":"https:\/\/salutt.ca\/fr\/privacy-policy\/#primaryimage"},"image":{"@id":"https:\/\/salutt.ca\/fr\/privacy-policy\/#primaryimage"},"thumbnailUrl":"https:\/\/salutt.ca\/wp-content\/uploads\/2024\/03\/privacy-policy-salutt-fr.png","datePublished":"2022-08-18T06:32:35+00:00","dateModified":"2024-09-04T08:43:55+00:00","breadcrumb":{"@id":"https:\/\/salutt.ca\/fr\/privacy-policy\/#breadcrumb"},"inLanguage":"fr-FR","potentialAction":[{"@type":"ReadAction","target":["https:\/\/salutt.ca\/fr\/privacy-policy\/"]}]},{"@type":"ImageObject","inLanguage":"fr-FR","@id":"https:\/\/salutt.ca\/fr\/privacy-policy\/#primaryimage","url":"https:\/\/salutt.ca\/wp-content\/uploads\/2024\/03\/privacy-policy-salutt-fr.png","contentUrl":"https:\/\/salutt.ca\/wp-content\/uploads\/2024\/03\/privacy-policy-salutt-fr.png"},{"@type":"BreadcrumbList","@id":"https:\/\/salutt.ca\/fr\/privacy-policy\/#breadcrumb","itemListElement":[{"@type":"ListItem","position":1,"name":"Home","item":"https:\/\/salutt.ca\/fr\/"},{"@type":"ListItem","position":2,"name":"Privacy Policy"}]},{"@type":"WebSite","@id":"https:\/\/salutt.ca\/#website","url":"https:\/\/salutt.ca\/","name":"Salutt","description":"Salutt","publisher":{"@id":"https:\/\/salutt.ca\/#organization"},"potentialAction":[{"@type":"SearchAction","target":{"@type":"EntryPoint","urlTemplate":"https:\/\/salutt.ca\/?s={search_term_string}"},"query-input":{"@type":"PropertyValueSpecification","valueRequired":true,"valueName":"search_term_string"}}],"inLanguage":"fr-FR"},{"@type":"Organization","@id":"https:\/\/salutt.ca\/#organization","name":"Salutt","url":"https:\/\/salutt.ca\/","logo":{"@type":"ImageObject","inLanguage":"fr-FR","@id":"https:\/\/salutt.ca\/#\/schema\/logo\/image\/","url":"https:\/\/salutt.ca\/wp-content\/uploads\/2024\/09\/salutt-1.png","contentUrl":"https:\/\/salutt.ca\/wp-content\/uploads\/2024\/09\/salutt-1.png","width":267,"height":90,"caption":"Salutt"},"image":{"@id":"https:\/\/salutt.ca\/#\/schema\/logo\/image\/"},"sameAs":["https:\/\/www.salutt.app8.com\/yoast","https:\/\/www.linkedin.com\/in\/salutt.com\/yoast"]}]}},"_links":{"self":[{"href":"https:\/\/salutt.ca\/fr\/wp-json\/wp\/v2\/pages\/1078","targetHints":{"allow":["GET"]}}],"collection":[{"href":"https:\/\/salutt.ca\/fr\/wp-json\/wp\/v2\/pages"}],"about":[{"href":"https:\/\/salutt.ca\/fr\/wp-json\/wp\/v2\/types\/page"}],"author":[{"embeddable":true,"href":"https:\/\/salutt.ca\/fr\/wp-json\/wp\/v2\/users\/1"}],"replies":[{"embeddable":true,"href":"https:\/\/salutt.ca\/fr\/wp-json\/wp\/v2\/comments?post=1078"}],"version-history":[{"count":13,"href":"https:\/\/salutt.ca\/fr\/wp-json\/wp\/v2\/pages\/1078\/revisions"}],"predecessor-version":[{"id":1284,"href":"https:\/\/salutt.ca\/fr\/wp-json\/wp\/v2\/pages\/1078\/revisions\/1284"}],"wp:attachment":[{"href":"https:\/\/salutt.ca\/fr\/wp-json\/wp\/v2\/media?parent=1078"}],"curies":[{"name":"wp","href":"https:\/\/api.w.org\/{rel}","templated":true}]}}